{"id":30220,"date":"2023-06-22T23:28:07","date_gmt":"2023-06-23T03:28:07","guid":{"rendered":"https:\/\/www.stekiamusement.com\/owatch-vr-amusement-park-rides-catalog-download\/"},"modified":"2025-12-05T14:57:01","modified_gmt":"2025-12-05T06:57:01","slug":"e-catalog","status":"publish","type":"page","link":"https:\/\/www.stekiamusement.com\/es\/e-catalog\/","title":{"rendered":"Cat\u00e1logo electr\u00f3nico"},"content":{"rendered":"<div class=\"wpb-content-wrapper\"><p>[vc_row][vc_column]<div id=\"ultimate-heading-553969d580aa2939c\" class=\"uvc-heading ult-adjust-bottom-margin ultimate-heading-553969d580aa2939c uvc-2056 \" data-hspacer=\"no_spacer\"  data-halign=\"center\" style=\"text-align:center\"><div class=\"uvc-heading-spacer no_spacer\" style=\"top\"><\/div><div class=\"uvc-main-heading ult-responsive\"  data-ultimate-target='.uvc-heading.ultimate-heading-553969d580aa2939c h2'  data-responsive-json-new='{\"font-size\":\"desktop:26px;tablet:22px;tablet_portrait:18px;mobile_landscape:12px;mobile:12px;\",\"line-height\":\"desktop:27px;tablet:24px;tablet_portrait:20px;mobile_landscape:14px;mobile:14px;\"}' ><h2 style=\"font-family:&#039;Montserrat&#039;;font-weight:normal;font-style:normal;color:#2868fc;margin-top:20px;\">CAT\u00c1LOGO DE PRODUCTOS OWATCH ENERO 2026<\/h2><\/div><div class=\"uvc-sub-heading ult-responsive\"  data-ultimate-target='.uvc-heading.ultimate-heading-553969d580aa2939c .uvc-sub-heading '  data-responsive-json-new='{\"font-size\":\"\",\"line-height\":\"\"}'  style=\"font-weight:normal;\">Mantendremos actualizado el cat\u00e1logo electr\u00f3nico, as\u00ed que preste atenci\u00f3n a la versi\u00f3n de fecha<\/div><\/div>[vc_column_text]<div class=\"df-element df-lite\"  data-slug=\"owatch-product-catalog\" data-_slug=\"owatch-product-catalog\" data-title=\"owatch-product-catalog\" id=\"df_25343\" data-option=\"df_option_25343\" ><\/div><script class=\"df-shortcode-script\" type=\"application\/javascript\">window.df_option_25343 = {\"source\":\"https:\\\/\\\/www.stekiamusement.com\\\/wp-content\\\/uploads\\\/2025\\\/12\\\/Owatch-VR-Amusement-Park-Arcade-Without-Price-2026.pdf\",\"viewerType\":\"flipbook\",\"is3D\":false,\"slug\":\"owatch-product-catalog\",\"id\":25343}; if(window.DEARPDF && window.DEARPDF.parseElements){window.DEARPDF.parseElements();}<\/script>[\/vc_column_text][\/vc_column][\/vc_row]<\/p>\n<\/div>","protected":false},"excerpt":{"rendered":"<p>[vc_row][vc_column][vc_column_text][\/vc_column_text][\/vc_column][\/vc_row]<\/p>\n","protected":false},"author":1,"featured_media":0,"parent":0,"menu_order":0,"comment_status":"closed","ping_status":"closed","template":"","meta":{"footnotes":""},"class_list":["post-30220","page","type-page","status-publish","hentry","description-off"],"aioseo_notices":[],"_links":{"self":[{"href":"https:\/\/www.stekiamusement.com\/es\/wp-json\/wp\/v2\/pages\/30220","targetHints":{"allow":["GET"]}}],"collection":[{"href":"https:\/\/www.stekiamusement.com\/es\/wp-json\/wp\/v2\/pages"}],"about":[{"href":"https:\/\/www.stekiamusement.com\/es\/wp-json\/wp\/v2\/types\/page"}],"author":[{"embeddable":true,"href":"https:\/\/www.stekiamusement.com\/es\/wp-json\/wp\/v2\/users\/1"}],"replies":[{"embeddable":true,"href":"https:\/\/www.stekiamusement.com\/es\/wp-json\/wp\/v2\/comments?post=30220"}],"version-history":[{"count":0,"href":"https:\/\/www.stekiamusement.com\/es\/wp-json\/wp\/v2\/pages\/30220\/revisions"}],"wp:attachment":[{"href":"https:\/\/www.stekiamusement.com\/es\/wp-json\/wp\/v2\/media?parent=30220"}],"curies":[{"name":"wp","href":"https:\/\/api.w.org\/{rel}","templated":true}]}}