{"id":32639,"date":"2025-04-20T21:54:23","date_gmt":"2025-04-21T01:54:23","guid":{"rendered":"https:\/\/www.stekiamusement.com\/?page_id=32639"},"modified":"2025-12-05T11:58:53","modified_gmt":"2025-12-05T03:58:53","slug":"download-owatch-brochure","status":"publish","type":"page","link":"https:\/\/www.stekiamusement.com\/es\/download-owatch-brochure\/","title":{"rendered":"Owatch VR Amusement Park Rides Catalog Download"},"content":{"rendered":"<div class=\"wpb-content-wrapper\"><p>[vc_row][vc_column css=&#8221;.vc_custom_1745199962156{padding-top: 30px !important;}&#8221;]<div id=\"ultimate-heading-98826a05ae948f18e\" class=\"uvc-heading ult-adjust-bottom-margin ultimate-heading-98826a05ae948f18e uvc-5294  uvc-heading-default-font-sizes\" data-hspacer=\"no_spacer\"  data-halign=\"center\" style=\"text-align:center\"><div class=\"uvc-heading-spacer no_spacer\" style=\"top\"><\/div><div class=\"uvc-main-heading ult-responsive\"  data-ultimate-target='.uvc-heading.ultimate-heading-98826a05ae948f18e h2'  data-responsive-json-new='{\"font-size\":\"\",\"line-height\":\"\"}' ><h2 style=\"--font-weight:theme;margin-bottom:20px;\">Download Brochure<\/h2><\/div><\/div>[vc_column_text css=&#8221;.vc_custom_1745200416453{margin-bottom: 15px !important;}&#8221;]If you&#8217;re aiming to dive into the VR entertainment and amusement sector, seeking to generate fresh sales leads, locate a distributor for your VR products, or simply connect with industry leaders, then look no further than Owatch&#8217;s 2025 Product Catalog. This comprehensive guide showcases the latest and most innovative VR gaming equipment designed to captivate and engage players like never before.[\/vc_column_text][\/vc_column][\/vc_row][vc_row][vc_column width=&#8221;2\/3&#8243;][vc_column_text css=&#8221;.vc_custom_1745200055117{margin-bottom: 20px !important;}&#8221;]To explore the cutting-edge VR solutions and discover what&#8217;s new in the world of professional VR games, please download our Product Catalog by filling in your information.[\/vc_column_text]<script type=\"text\/javascript\">var gform;gform||(document.addEventListener(\"gform_main_scripts_loaded\",function(){gform.scriptsLoaded=!0}),window.addEventListener(\"DOMContentLoaded\",function(){gform.domLoaded=!0}),gform={domLoaded:!1,scriptsLoaded:!1,initializeOnLoaded:function(o){gform.domLoaded&&gform.scriptsLoaded?o():!gform.domLoaded&&gform.scriptsLoaded?window.addEventListener(\"DOMContentLoaded\",o):document.addEventListener(\"gform_main_scripts_loaded\",o)},hooks:{action:{},filter:{}},addAction:function(o,n,r,t){gform.addHook(\"action\",o,n,r,t)},addFilter:function(o,n,r,t){gform.addHook(\"filter\",o,n,r,t)},doAction:function(o){gform.doHook(\"action\",o,arguments)},applyFilters:function(o){return gform.doHook(\"filter\",o,arguments)},removeAction:function(o,n){gform.removeHook(\"action\",o,n)},removeFilter:function(o,n,r){gform.removeHook(\"filter\",o,n,r)},addHook:function(o,n,r,t,i){null==gform.hooks[o][n]&&(gform.hooks[o][n]=[]);var e=gform.hooks[o][n];null==i&&(i=n+\"_\"+e.length),gform.hooks[o][n].push({tag:i,callable:r,priority:t=null==t?10:t})},doHook:function(n,o,r){var t;if(r=Array.prototype.slice.call(r,1),null!=gform.hooks[n][o]&&((o=gform.hooks[n][o]).sort(function(o,n){return o.priority-n.priority}),o.forEach(function(o){\"function\"!=typeof(t=o.callable)&&(t=window[t]),\"action\"==n?t.apply(null,r):r[0]=t.apply(null,r)})),\"filter\"==n)return r[0]},removeHook:function(o,n,t,i){var r;null!=gform.hooks[o][n]&&(r=(r=gform.hooks[o][n]).filter(function(o,n,r){return!!(null!=i&&i!=o.tag||null!=t&&t!=o.priority)}),gform.hooks[o][n]=r)}});<\/script>\n                <div class='gf_browser_gecko gform_wrapper gravity-theme' id='gform_wrapper_12' ><div id='gf_12' class='gform_anchor' tabindex='-1'><\/div><form method='post' enctype='multipart\/form-data' target='gform_ajax_frame_12' id='gform_12'  action='\/es\/wp-json\/wp\/v2\/pages\/32639#gf_12' >\n                        <div class='gform_body gform-body'><div id='gform_fields_12' class='gform_fields top_label form_sublabel_below description_below'><div id=\"field_12_1\"  class=\"gfield gfield--width-half gfield_contains_required field_sublabel_below field_description_below gfield_visibility_visible\"  data-js-reload=\"field_12_1\"><label class='gfield_label' for='input_12_1' >Your Name<span class=\"gfield_required\"><span class=\"gfield_required gfield_required_text\">(Obligatorio)<\/span><\/span><\/label><div class='ginput_container ginput_container_text'><input name='input_1' id='input_12_1' type='text' value='' class='large'     aria-required=\"true\" aria-invalid=\"false\"   \/> <\/div><\/div><fieldset id=\"field_12_10\"  class=\"gfield gfield--width-half gfield_contains_required field_sublabel_below field_description_below gfield_visibility_visible\"  data-js-reload=\"field_12_10\"><legend class='gfield_label gfield_label_before_complex'  >Address<span class=\"gfield_required\"><span class=\"gfield_required gfield_required_text\">(Obligatorio)<\/span><\/span><\/legend>    \n                    <div class='ginput_complex ginput_container has_country ginput_container_address' id='input_12_10' >\n                        <input type='hidden' class='gform_hidden' name='input_10.4' id='input_12_10_4' value=''\/><span class='ginput_left address_country ginput_address_country' id='input_12_10_6_container' >\n                                        <select name='input_10.6' id='input_12_10_6'   aria-required='true'    ><option value='' selected='selected'><\/option><option value='Afghanist\u00e1n' >Afghanist\u00e1n<\/option><option value='Albania' >Albania<\/option><option value='Alemania' >Alemania<\/option><option value='Andorra' >Andorra<\/option><option value='Angola' >Angola<\/option><option value='Anguilla' >Anguilla<\/option><option value='Antigua y Barbuda' >Antigua y Barbuda<\/option><option value='Ant\u00e1rtida' >Ant\u00e1rtida<\/option><option value='Arabia Saudita' >Arabia Saudita<\/option><option value='Argelia' >Argelia<\/option><option value='Argentina' >Argentina<\/option><option value='Armenia' >Armenia<\/option><option value='Aruba' >Aruba<\/option><option value='Australia' >Australia<\/option><option value='Austria' >Austria<\/option><option value='Azerbaiy\u00e1n' >Azerbaiy\u00e1n<\/option><option value='Bahamas' >Bahamas<\/option><option value='Bangladesh' >Bangladesh<\/option><option value='Barbados' >Barbados<\/option><option value='Bar\u00e9in' >Bar\u00e9in<\/option><option value='Belice' >Belice<\/option><option value='Benin' >Benin<\/option><option value='Bermuda' >Bermuda<\/option><option value='Bhut\u00e1n' >Bhut\u00e1n<\/option><option value='Bielorusia' >Bielorusia<\/option><option value='Bolivia' >Bolivia<\/option><option value='Bonaire, San Eustaquio y Saba' >Bonaire, San Eustaquio y Saba<\/option><option value='Bosnia y Herzegovina' >Bosnia y Herzegovina<\/option><option value='Botswana' >Botswana<\/option><option value='Brasil' >Brasil<\/option><option value='Brunei Darussalam' >Brunei Darussalam<\/option><option value='Bulgaria' >Bulgaria<\/option><option value='Burkina Faso' >Burkina Faso<\/option><option value='Burundi' >Burundi<\/option><option value='B\u00e9lgica' >B\u00e9lgica<\/option><option value='Cabo Verde' >Cabo Verde<\/option><option value='Camboya' >Camboya<\/option><option value='Camer\u00fan' >Camer\u00fan<\/option><option value='Canada' >Canada<\/option><option value='Chad' >Chad<\/option><option value='Chequia' >Chequia<\/option><option value='Chile' >Chile<\/option><option value='China' >China<\/option><option value='Chipre' >Chipre<\/option><option value='Colombia' >Colombia<\/option><option value='Comoras' >Comoras<\/option><option value='Congo' >Congo<\/option><option value='Congo, Rep\u00fablica Democr\u00e1tica del' >Congo, Rep\u00fablica Democr\u00e1tica del<\/option><option value='Corea, Rep\u00fablica Popular Democr\u00e1tica de' >Corea, Rep\u00fablica Popular Democr\u00e1tica de<\/option><option value='Corea, Rep\u00fablica de' >Corea, Rep\u00fablica de<\/option><option value='Costa Rica' >Costa Rica<\/option><option value='Costa de Marfil' >Costa de Marfil<\/option><option value='Croacia' >Croacia<\/option><option value='Cuba' >Cuba<\/option><option value='Curazao' >Curazao<\/option><option value='Dinamarca' >Dinamarca<\/option><option value='Djibouti' >Djibouti<\/option><option value='Dominica' >Dominica<\/option><option value='Ecuador' >Ecuador<\/option><option value='Egipto' >Egipto<\/option><option value='El Salvador' >El Salvador<\/option><option value='Emiratos \u00c1rabes Unidos' >Emiratos \u00c1rabes Unidos<\/option><option value='Eritrea' >Eritrea<\/option><option value='Eslovaquia' >Eslovaquia<\/option><option value='Eslovenia' >Eslovenia<\/option><option value='Espa\u00f1a' >Espa\u00f1a<\/option><option value='Estados Unidos' >Estados Unidos<\/option><option value='Estonia' >Estonia<\/option><option value='Esuatini' >Esuatini<\/option><option value='Etiop\u00eda' >Etiop\u00eda<\/option><option value='Federaci\u00f3n Rusa' >Federaci\u00f3n Rusa<\/option><option value='Fiji' >Fiji<\/option><option value='Filipinas' >Filipinas<\/option><option value='Finlandia' >Finlandia<\/option><option value='Francia' >Francia<\/option><option value='Gab\u00f3n' >Gab\u00f3n<\/option><option value='Gambia' >Gambia<\/option><option value='Georgia' >Georgia<\/option><option value='Ghana' >Ghana<\/option><option value='Gibraltar' >Gibraltar<\/option><option value='Granada' >Granada<\/option><option value='Grecia' >Grecia<\/option><option value='Groenlandia' >Groenlandia<\/option><option value='Guadalupe' >Guadalupe<\/option><option value='Guam' >Guam<\/option><option value='Guatemala' >Guatemala<\/option><option value='Guayana' >Guayana<\/option><option value='Guayana Francesa' >Guayana Francesa<\/option><option value='Guernsey' >Guernsey<\/option><option value='Guinea' >Guinea<\/option><option value='Guinea Bissau' >Guinea Bissau<\/option><option value='Guinea Ecuatorial' >Guinea Ecuatorial<\/option><option value='Hait\u00ed' >Hait\u00ed<\/option><option value='Honduras' >Honduras<\/option><option value='Hong Kong' >Hong Kong<\/option><option value='Hungr\u00eda' >Hungr\u00eda<\/option><option value='India' >India<\/option><option value='Indonesia' >Indonesia<\/option><option value='Iraq' >Iraq<\/option><option value='Irlanda' >Irlanda<\/option><option value='Ir\u00e1n' >Ir\u00e1n<\/option><option value='Isla Bouvet' >Isla Bouvet<\/option><option value='Isla Norfolk' >Isla Norfolk<\/option><option value='Isla de Man' >Isla de Man<\/option><option value='Isla de Navidad' >Isla de Navidad<\/option><option value='Islandia' >Islandia<\/option><option value='Islas Caim\u00e1n' >Islas Caim\u00e1n<\/option><option value='Islas Cocos' >Islas Cocos<\/option><option value='Islas Cook' >Islas Cook<\/option><option value='Islas Faroe' >Islas Faroe<\/option><option value='Islas Heard y McDonald' >Islas Heard y McDonald<\/option><option value='Islas Malvinas' >Islas Malvinas<\/option><option value='Islas Marianas del Norte' >Islas Marianas del Norte<\/option><option value='Islas Marshall' >Islas Marshall<\/option><option value='Islas Salom\u00f3n' >Islas Salom\u00f3n<\/option><option value='Islas Turcas y Caicos' >Islas Turcas y Caicos<\/option><option value='Islas Ultramarinas Menores de Estados Unidos' >Islas Ultramarinas Menores de Estados Unidos<\/option><option value='Islas V\u00edrgenes Brit\u00e1nicas' >Islas V\u00edrgenes Brit\u00e1nicas<\/option><option value='Islas V\u00edrgenes de los Estados Unidos' >Islas V\u00edrgenes de los Estados Unidos<\/option><option value='Islas \u00c5land' >Islas \u00c5land<\/option><option value='Israel' >Israel<\/option><option value='Italia' >Italia<\/option><option value='Jamaica' >Jamaica<\/option><option value='Jap\u00f3n' >Jap\u00f3n<\/option><option value='Jersey' >Jersey<\/option><option value='Ji\u017en\u00ed Georgie a Ji\u017en\u00ed Sandwichovy ostrovy' >Ji\u017en\u00ed Georgie a Ji\u017en\u00ed Sandwichovy ostrovy<\/option><option value='Jord\u00e1n' >Jord\u00e1n<\/option><option value='Kazajist\u00e1n' >Kazajist\u00e1n<\/option><option value='Kenia' >Kenia<\/option><option value='Kirguist\u00e1n' >Kirguist\u00e1n<\/option><option value='Kiribati' >Kiribati<\/option><option value='Kuwait' >Kuwait<\/option><option value='LIbia' >LIbia<\/option><option value='Lesoto' >Lesoto<\/option><option value='Liberia' >Liberia<\/option><option value='Liechtenstein' >Liechtenstein<\/option><option value='Lituania' >Lituania<\/option><option value='Lituania' >Lituania<\/option><option value='Luxemburgo' >Luxemburgo<\/option><option value='L\u00edbano' >L\u00edbano<\/option><option value='Macau' >Macau<\/option><option value='Macedonia del Norte' >Macedonia del Norte<\/option><option value='Madagascar' >Madagascar<\/option><option value='Malasia' >Malasia<\/option><option value='Malawi' >Malawi<\/option><option value='Maldivas' >Maldivas<\/option><option value='Mali' >Mali<\/option><option value='Malta' >Malta<\/option><option value='Marruecos' >Marruecos<\/option><option value='Martinica' >Martinica<\/option><option value='Mauricio' >Mauricio<\/option><option value='Mauritania' >Mauritania<\/option><option value='Mayotte' >Mayotte<\/option><option value='Micronesia' >Micronesia<\/option><option value='Moldavia' >Moldavia<\/option><option value='Monaco' >Monaco<\/option><option value='Mongolia' >Mongolia<\/option><option value='Montenegro' >Montenegro<\/option><option value='Montserrat' >Montserrat<\/option><option value='Mozambique' >Mozambique<\/option><option value='Myanmar' >Myanmar<\/option><option value='M\u00e9xico' >M\u00e9xico<\/option><option value='Namibia' >Namibia<\/option><option value='Nauru' >Nauru<\/option><option value='Nepal' >Nepal<\/option><option value='Nicaragua' >Nicaragua<\/option><option value='Nigeria' >Nigeria<\/option><option value='Niue' >Niue<\/option><option value='Noruega' >Noruega<\/option><option value='Nueva Caledonia' >Nueva Caledonia<\/option><option value='Nueva Zelanda' >Nueva Zelanda<\/option><option value='N\u00edger' >N\u00edger<\/option><option value='Om\u00e1n' >Om\u00e1n<\/option><option value='Paises Bajos' >Paises Bajos<\/option><option value='Pakist\u00e1n' >Pakist\u00e1n<\/option><option value='Palau' >Palau<\/option><option value='Palestina, Estado de' >Palestina, Estado de<\/option><option value='Panam\u00e1' >Panam\u00e1<\/option><option value='Pap\u00faa Nueva Guinea' >Pap\u00faa Nueva Guinea<\/option><option value='Paraguay' >Paraguay<\/option><option value='Per\u00fa' >Per\u00fa<\/option><option value='Pitcairn' >Pitcairn<\/option><option value='Polinesia Francesa' >Polinesia Francesa<\/option><option value='Polonia' >Polonia<\/option><option value='Portugal' >Portugal<\/option><option value='Puerto Rico' >Puerto Rico<\/option><option value='Qatar' >Qatar<\/option><option value='Reino Unido' >Reino Unido<\/option><option value='Rep\u00fablica Centroafricana' >Rep\u00fablica Centroafricana<\/option><option value='Rep\u00fablica Democr\u00e1tica Popular de Laos' >Rep\u00fablica Democr\u00e1tica Popular de Laos<\/option><option value='Rep\u00fablica Dominicana' >Rep\u00fablica Dominicana<\/option><option value='Rep\u00fablica \u00c1rabe de Siria' >Rep\u00fablica \u00c1rabe de Siria<\/option><option value='Reuni\u00f3n' >Reuni\u00f3n<\/option><option value='Ruanda' >Ruanda<\/option><option value='Ruman\u00eda' >Ruman\u00eda<\/option><option value='Sahara Occidental' >Sahara Occidental<\/option><option value='Samoa' >Samoa<\/option><option value='Samoa Americana' >Samoa Americana<\/option><option value='San Bartolom\u00e9' >San Bartolom\u00e9<\/option><option value='San Crist\u00f3bal y Nieves' >San Crist\u00f3bal y Nieves<\/option><option value='San Marino' >San Marino<\/option><option value='San Mart\u00edn' >San Mart\u00edn<\/option><option value='San Pedro y Miquel\u00f3n' >San Pedro y Miquel\u00f3n<\/option><option value='San Vicente y las Granadinas' >San Vicente y las Granadinas<\/option><option value='Santa Elena, Ascensi\u00f3n y Trist\u00e1n de Acu\u00f1a' >Santa Elena, Ascensi\u00f3n y Trist\u00e1n de Acu\u00f1a<\/option><option value='Santa Luc\u00eda' >Santa Luc\u00eda<\/option><option value='Santa Sede' >Santa Sede<\/option><option value='Santo Tom\u00e9 y Principe' >Santo Tom\u00e9 y Principe<\/option><option value='Senegal' >Senegal<\/option><option value='Serbia' >Serbia<\/option><option value='Seychelles' >Seychelles<\/option><option value='Sierra Leona' >Sierra Leona<\/option><option value='Singapur' >Singapur<\/option><option value='Sint Maarten' >Sint Maarten<\/option><option value='Somalia' >Somalia<\/option><option value='Sri Lanka' >Sri Lanka<\/option><option value='Sud\u00e1frica' >Sud\u00e1frica<\/option><option value='Sud\u00e1n' >Sud\u00e1n<\/option><option value='Sud\u00e1n del Sur' >Sud\u00e1n del Sur<\/option><option value='Suecia' >Suecia<\/option><option value='Suiza' >Suiza<\/option><option value='Surinam' >Surinam<\/option><option value='Svalbard y Jan Mayen' >Svalbard y Jan Mayen<\/option><option value='Tailandia' >Tailandia<\/option><option value='Taiwan' >Taiwan<\/option><option value='Tanzania (Rep\u00fablica Unida de)' >Tanzania (Rep\u00fablica Unida de)<\/option><option value='Tayikist\u00e1n' >Tayikist\u00e1n<\/option><option value='Territorio Brit\u00e1nico del Oc\u00e9ano \u00cdndico' >Territorio Brit\u00e1nico del Oc\u00e9ano \u00cdndico<\/option><option value='Tierras Australes y Ant\u00e1rticas Francesas' >Tierras Australes y Ant\u00e1rticas Francesas<\/option><option value='Timor Oriental' >Timor Oriental<\/option><option value='Togo' >Togo<\/option><option value='Tokelau' >Tokelau<\/option><option value='Tonga' >Tonga<\/option><option value='Trinidad y Tobago' >Trinidad y Tobago<\/option><option value='Turkmenist\u00e1n' >Turkmenist\u00e1n<\/option><option value='Turqu\u00eda' >Turqu\u00eda<\/option><option value='Tuvalu' >Tuvalu<\/option><option value='T\u00fanez' >T\u00fanez<\/option><option value='Ucrania' >Ucrania<\/option><option value='Uganda' >Uganda<\/option><option value='Uruguay' >Uruguay<\/option><option value='Uzbekist\u00e1n' >Uzbekist\u00e1n<\/option><option value='Vanuatu' >Vanuatu<\/option><option value='Venezuela' >Venezuela<\/option><option value='Vietnam' >Vietnam<\/option><option value='Wallis y Futuna' >Wallis y Futuna<\/option><option value='Yemen' >Yemen<\/option><option value='Zambia' >Zambia<\/option><option value='Zimbaue' >Zimbaue<\/option><\/select>\n                                        <label for='input_12_10_6' id='input_12_10_6_label' >Pa\u00eds<\/label>\n                                    <\/span>\n                    <div class='gf_clear gf_clear_complex'><\/div>\n                <\/div><\/fieldset><div id=\"field_12_2\"  class=\"gfield gfield--width-half gfield_contains_required field_sublabel_below field_description_below gfield_visibility_visible\"  data-js-reload=\"field_12_2\"><label class='gfield_label' for='input_12_2' >Email<span class=\"gfield_required\"><span class=\"gfield_required gfield_required_text\">(Obligatorio)<\/span><\/span><\/label><div class='ginput_container ginput_container_email'>\n                            <input name='input_2' id='input_12_2' type='text' value='' class='large'    aria-required=\"true\" aria-invalid=\"false\"  \/>\n                        <\/div><\/div><div id=\"field_12_6\"  class=\"gfield gfield--width-half gfield_contains_required field_sublabel_below field_description_below gfield_visibility_visible\"  data-js-reload=\"field_12_6\"><label class='gfield_label' for='input_12_6' >WhatsApp \/ Phone<span class=\"gfield_required\"><span class=\"gfield_required gfield_required_text\">(Obligatorio)<\/span><\/span><\/label><div class='ginput_container ginput_container_text'><input name='input_6' id='input_12_6' type='text' value='' class='large'     aria-required=\"true\" aria-invalid=\"false\"   \/> <\/div><\/div><div id=\"field_12_3\"  class=\"gfield gfield_contains_required field_sublabel_below field_description_below gfield_visibility_visible\"  data-js-reload=\"field_12_3\"><label class='gfield_label' for='input_12_3' >Your Demand<span class=\"gfield_required\"><span class=\"gfield_required gfield_required_text\">(Obligatorio)<\/span><\/span><\/label><div class='ginput_container ginput_container_textarea'><textarea name='input_3' id='input_12_3' class='textarea medium'    placeholder='Say something about your ideas' aria-required=\"true\" aria-invalid=\"false\"   rows='10' cols='50'><\/textarea><\/div><\/div><\/div><\/div>\n        <div class='gform_footer top_label'> <input type='submit' id='gform_submit_button_12' class='gform_button button' value='DOWNLOAD'  onclick='if(window[\"gf_submitting_12\"]){return false;}  window[\"gf_submitting_12\"]=true;  ' onkeypress='if( event.keyCode == 13 ){ if(window[\"gf_submitting_12\"]){return false;} window[\"gf_submitting_12\"]=true;  jQuery(\"#gform_12\").trigger(\"submit\",[true]); }' \/> <input type='hidden' name='gform_ajax' value='form_id=12&amp;title=&amp;description=&amp;tabindex=0' \/>\n            <input type='hidden' class='gform_hidden' name='is_submit_12' value='1' \/>\n            <input type='hidden' class='gform_hidden' name='gform_submit' value='12' \/>\n            \n            <input type='hidden' class='gform_hidden' name='gform_unique_id' value='' \/>\n            <input type='hidden' class='gform_hidden' name='state_12' value='WyJbXSIsImExNTQ0NjIyYmI3YmZhMDc3MDQ5OTZkZDk5NDQ0Y2NlIl0=' \/>\n            <input type='hidden' class='gform_hidden' name='gform_target_page_number_12' id='gform_target_page_number_12' value='0' \/>\n            <input type='hidden' class='gform_hidden' name='gform_source_page_number_12' id='gform_source_page_number_12' value='1' \/>\n            <input type='hidden' name='gform_field_values' value='' \/>\n            \n        <\/div>\n                        <\/form>\n                        <\/div>\n                <iframe style='display:none;width:0px;height:0px;' src='about:blank' name='gform_ajax_frame_12' id='gform_ajax_frame_12' title='Este iframe contiene la l\u00f3gica necesaria para gestionar formularios con ajax activado.'><\/iframe>\n                <script>\ngform.initializeOnLoaded( function() {gformInitSpinner( 12, 'https:\/\/www.stekiamusement.com\/wp-content\/plugins\/gravityforms\/images\/spinner.svg' );jQuery('#gform_ajax_frame_12').on('load',function(){var contents = jQuery(this).contents().find('*').html();var is_postback = contents.indexOf('GF_AJAX_POSTBACK') >= 0;if(!is_postback){return;}var form_content = jQuery(this).contents().find('#gform_wrapper_12');var is_confirmation = jQuery(this).contents().find('#gform_confirmation_wrapper_12').length > 0;var is_redirect = contents.indexOf('gformRedirect(){') >= 0;var is_form = form_content.length > 0 && ! is_redirect && ! is_confirmation;var mt = parseInt(jQuery('html').css('margin-top'), 10) + parseInt(jQuery('body').css('margin-top'), 10) + 100;if(is_form){jQuery('#gform_wrapper_12').html(form_content.html());if(form_content.hasClass('gform_validation_error')){jQuery('#gform_wrapper_12').addClass('gform_validation_error');} else {jQuery('#gform_wrapper_12').removeClass('gform_validation_error');}setTimeout( function() { \/* delay the scroll by 50 milliseconds to fix a bug in chrome *\/ jQuery(document).scrollTop(jQuery('#gform_wrapper_12').offset().top - mt); }, 50 );if(window['gformInitDatepicker']) {gformInitDatepicker();}if(window['gformInitPriceFields']) {gformInitPriceFields();}var current_page = jQuery('#gform_source_page_number_12').val();gformInitSpinner( 12, 'https:\/\/www.stekiamusement.com\/wp-content\/plugins\/gravityforms\/images\/spinner.svg' );jQuery(document).trigger('gform_page_loaded', [12, current_page]);window['gf_submitting_12'] = false;}else if(!is_redirect){var confirmation_content = jQuery(this).contents().find('.GF_AJAX_POSTBACK').html();if(!confirmation_content){confirmation_content = contents;}setTimeout(function(){jQuery('#gform_wrapper_12').replaceWith(confirmation_content);jQuery(document).scrollTop(jQuery('#gf_12').offset().top - mt);jQuery(document).trigger('gform_confirmation_loaded', [12]);window['gf_submitting_12'] = false;wp.a11y.speak(jQuery('#gform_confirmation_message_12').text());}, 50);}else{jQuery('#gform_12').append(contents);if(window['gformRedirect']) {gformRedirect();}}jQuery(document).trigger('gform_post_render', [12, current_page]);} );} );\n<\/script>\n[\/vc_column][vc_column width=&#8221;1\/3&#8243;][vc_single_image image=&#8221;34887&#8243; img_size=&#8221;full&#8221; css=&#8221;.vc_custom_1764907124496{padding-top: 25px !important;}&#8221;][\/vc_column][\/vc_row][vc_row][vc_column][\/vc_column][\/vc_row]<\/p>\n<\/div>","protected":false},"excerpt":{"rendered":"<p>[vc_row][vc_column css=&#8221;.vc_custom_1745199962156{padding-top: 30px !important;}&#8221;][vc_column_text css=&#8221;.vc_custom_1745200416453{margin-bottom: 15px !important;}&#8221;]If you&#8217;re aiming to dive into the VR entertainment and amusement sector, seeking to generate fresh sales leads, locate a distributor for your VR products, or simply connect with industry leaders, then look no further than Owatch&#8217;s 2025 Product Catalog. This comprehensive guide showcases the latest and most innovative&hellip;<\/p>\n","protected":false},"author":4,"featured_media":0,"parent":0,"menu_order":0,"comment_status":"closed","ping_status":"closed","template":"","meta":{"footnotes":""},"class_list":["post-32639","page","type-page","status-publish","hentry","description-off"],"aioseo_notices":[],"_links":{"self":[{"href":"https:\/\/www.stekiamusement.com\/es\/wp-json\/wp\/v2\/pages\/32639","targetHints":{"allow":["GET"]}}],"collection":[{"href":"https:\/\/www.stekiamusement.com\/es\/wp-json\/wp\/v2\/pages"}],"about":[{"href":"https:\/\/www.stekiamusement.com\/es\/wp-json\/wp\/v2\/types\/page"}],"author":[{"embeddable":true,"href":"https:\/\/www.stekiamusement.com\/es\/wp-json\/wp\/v2\/users\/4"}],"replies":[{"embeddable":true,"href":"https:\/\/www.stekiamusement.com\/es\/wp-json\/wp\/v2\/comments?post=32639"}],"version-history":[{"count":0,"href":"https:\/\/www.stekiamusement.com\/es\/wp-json\/wp\/v2\/pages\/32639\/revisions"}],"wp:attachment":[{"href":"https:\/\/www.stekiamusement.com\/es\/wp-json\/wp\/v2\/media?parent=32639"}],"curies":[{"name":"wp","href":"https:\/\/api.w.org\/{rel}","templated":true}]}}