{"id":4204,"date":"2019-01-08T22:41:29","date_gmt":"2019-01-09T03:41:29","guid":{"rendered":"https:\/\/www.stekiamusement.com\/celebrando-el-4o-aniversario\/"},"modified":"2019-01-08T22:41:32","modified_gmt":"2019-01-09T03:41:32","slug":"celebrando-el-4o-aniversario","status":"publish","type":"page","link":"https:\/\/www.stekiamusement.com\/es\/celebrando-el-4o-aniversario\/","title":{"rendered":"Celebrando el 4\u00ba aniversario"},"content":{"rendered":"<div class=\"wpb-content-wrapper\"><p>[vc_row full_height=&#8221;yes&#8221; content_placement=&#8221;middle&#8221; bg_type=&#8221;bg_color&#8221; bg_override=&#8221;ex-full&#8221; css=&#8221;.vc_custom_1538273502226{margin-top: 0px !important;margin-right: 0px !important;margin-bottom: 0px !important;margin-left: 0px !important;padding-top: 0px !important;padding-right: 0px !important;padding-bottom: 0px !important;padding-left: 0px !important;}&#8221; bg_color_value=&#8221;#fc0204&#8243;][vc_column css=&#8221;.vc_custom_1538215166099{margin: 0px !important;padding: 0px !important;}&#8221;][vc_single_image image=&#8221;3717&#8243; img_size=&#8221;full&#8221; alignment=&#8221;center&#8221; image_hovers=&#8221;false&#8221;][\/vc_column][\/vc_row][vc_row bg_type=&#8221;bg_color&#8221; bg_override=&#8221;ex-full&#8221; css=&#8221;.vc_custom_1538273001041{margin-top: 0px !important;margin-right: 0px !important;margin-bottom: 0px !important;margin-left: 0px !important;padding-top: 0px !important;padding-right: 0px !important;padding-bottom: 0px !important;padding-left: 0px !important;}&#8221; bg_color_value=&#8221;#b80000&#8243;][vc_column width=&#8221;1\/3&#8243; css=&#8221;.vc_custom_1538272830930{margin-top: 0px !important;margin-right: 0px !important;margin-bottom: 0px !important;margin-left: 0px !important;padding-top: 0px !important;padding-right: 0px !important;padding-bottom: 0px !important;padding-left: 0px !important;}&#8221;][vc_single_image image=&#8221;3698&#8243; img_size=&#8221;full&#8221; image_hovers=&#8221;false&#8221; css=&#8221;.vc_custom_1538273061257{margin: 0px !important;padding: 0px !important;}&#8221;][\/vc_column][vc_column width=&#8221;1\/3&#8243; css=&#8221;.vc_custom_1538272840681{margin: 0px !important;padding: 0px !important;}&#8221;][vc_single_image image=&#8221;3699&#8243; img_size=&#8221;full&#8221; image_hovers=&#8221;false&#8221; css=&#8221;.vc_custom_1538273053804{margin: 0px !important;padding: 0px !important;}&#8221;][\/vc_column][vc_column width=&#8221;1\/3&#8243; css=&#8221;.vc_custom_1538272857087{margin: 0px !important;padding: 0px !important;}&#8221;][vc_single_image image=&#8221;3700&#8243; img_size=&#8221;full&#8221; image_hovers=&#8221;false&#8221; css=&#8221;.vc_custom_1538273041601{margin: 0px !important;padding: 0px !important;}&#8221;][\/vc_column][\/vc_row][vc_row bg_type=&#8221;bg_color&#8221; bg_override=&#8221;ex-full&#8221; css=&#8221;.vc_custom_1538273516683{margin-top: 0px !important;margin-right: 0px !important;margin-bottom: 0px !important;margin-left: 0px !important;padding-top: 0px !important;padding-right: 0px !important;padding-bottom: 0px !important;padding-left: 0px !important;}&#8221; bg_color_value=&#8221;#fc0204&#8243;][vc_column css=&#8221;.vc_custom_1538272869452{margin-top: 0px !important;margin-right: 0px !important;margin-bottom: 0px !important;margin-left: 0px !important;padding-top: 0px !important;padding-right: 0px !important;padding-bottom: 0px !important;padding-left: 0px !important;}&#8221;][vc_single_image image=&#8221;3701&#8243; img_size=&#8221;full&#8221; alignment=&#8221;center&#8221; image_hovers=&#8221;false&#8221; css=&#8221;.vc_custom_1538272890327{margin-top: 0px !important;margin-right: 0px !important;margin-bottom: 0px !important;margin-left: 0px !important;padding-top: 0px !important;padding-right: 0px !important;padding-bottom: 0px !important;padding-left: 0px !important;}&#8221;][vc_single_image image=&#8221;3702&#8243; img_size=&#8221;full&#8221; alignment=&#8221;center&#8221; image_hovers=&#8221;false&#8221; css=&#8221;.vc_custom_1538272907772{margin: 0px !important;padding: 0px !important;}&#8221;][vc_single_image image=&#8221;3703&#8243; img_size=&#8221;full&#8221; alignment=&#8221;center&#8221; image_hovers=&#8221;false&#8221; css=&#8221;.vc_custom_1538272920057{margin: 0px !important;padding: 0px !important;}&#8221;][vc_single_image image=&#8221;3704&#8243; img_size=&#8221;full&#8221; alignment=&#8221;center&#8221; image_hovers=&#8221;false&#8221; css=&#8221;.vc_custom_1538272939849{margin: 0px !important;padding: 0px !important;}&#8221;][\/vc_column][\/vc_row][vc_row bg_type=&#8221;bg_color&#8221; bg_override=&#8221;ex-full&#8221; css=&#8221;.vc_custom_1538272225012{margin-top: 0px !important;margin-right: 0px !important;margin-bottom: 0px !important;margin-left: 0px !important;padding-top: 0px !important;padding-right: 0px !important;padding-bottom: 0px !important;padding-left: 0px !important;}&#8221; bg_color_value=&#8221;#ff0000&#8243;][vc_column css=&#8221;.vc_custom_1538215166099{margin: 0px !important;padding: 0px !important;}&#8221;]<div id=\"ultimate-heading-854569f2ebec37a0c\" class=\"uvc-heading ult-adjust-bottom-margin ultimate-heading-854569f2ebec37a0c uvc-9428 \" data-hspacer=\"no_spacer\"  data-halign=\"center\" style=\"text-align:center\"><div class=\"uvc-heading-spacer no_spacer\" style=\"top\"><\/div><div class=\"uvc-main-heading ult-responsive\"  data-ultimate-target='.uvc-heading.ultimate-heading-854569f2ebec37a0c h2'  data-responsive-json-new='{\"font-size\":\"desktop:21px;mobile:16px;\",\"line-height\":\"desktop:21px;mobile:18px;\"}' ><h2 style=\"font-weight:bold;color:#f2f2f2;margin-top:50px;margin-bottom:50px;\">M\u00e1s detalles, p\u00f3ngase en contacto con nuestro equipo de ventas: Correo electr\u00f3nico: sales01@stekiamusement.com<\/h2><\/div><\/div>[\/vc_column][\/vc_row]<\/p>\n<\/div>","protected":false},"excerpt":{"rendered":"<p>[vc_row full_height=&#8221;yes&#8221; content_placement=&#8221;middle&#8221; bg_type=&#8221;bg_color&#8221; bg_override=&#8221;ex-full&#8221; css=&#8221;.vc_custom_1538273502226{margin-top: 0px !important;margin-right: 0px !important;margin-bottom: 0px !important;margin-left: 0px !important;padding-top: 0px !important;padding-right: 0px !important;padding-bottom: 0px !important;padding-left: 0px !important;}&#8221; bg_color_value=&#8221;#fc0204&#8243;][vc_column css=&#8221;.vc_custom_1538215166099{margin: 0px !important;padding: 0px !important;}&#8221;][vc_single_image image=&#8221;3717&#8243; img_size=&#8221;full&#8221; alignment=&#8221;center&#8221; image_hovers=&#8221;false&#8221;][\/vc_column][\/vc_row][vc_row bg_type=&#8221;bg_color&#8221; bg_override=&#8221;ex-full&#8221; css=&#8221;.vc_custom_1538273001041{margin-top: 0px !important;margin-right: 0px !important;margin-bottom: 0px !important;margin-left: 0px !important;padding-top: 0px !important;padding-right: 0px !important;padding-bottom: 0px !important;padding-left: 0px !important;}&#8221; bg_color_value=&#8221;#b80000&#8243;][vc_column width=&#8221;1\/3&#8243; css=&#8221;.vc_custom_1538272830930{margin-top: 0px&hellip;<\/p>\n","protected":false},"author":1,"featured_media":0,"parent":0,"menu_order":0,"comment_status":"closed","ping_status":"closed","template":"","meta":{"footnotes":""},"class_list":["post-4204","page","type-page","status-publish","hentry","description-off"],"aioseo_notices":[],"_links":{"self":[{"href":"https:\/\/www.stekiamusement.com\/es\/wp-json\/wp\/v2\/pages\/4204","targetHints":{"allow":["GET"]}}],"collection":[{"href":"https:\/\/www.stekiamusement.com\/es\/wp-json\/wp\/v2\/pages"}],"about":[{"href":"https:\/\/www.stekiamusement.com\/es\/wp-json\/wp\/v2\/types\/page"}],"author":[{"embeddable":true,"href":"https:\/\/www.stekiamusement.com\/es\/wp-json\/wp\/v2\/users\/1"}],"replies":[{"embeddable":true,"href":"https:\/\/www.stekiamusement.com\/es\/wp-json\/wp\/v2\/comments?post=4204"}],"version-history":[{"count":0,"href":"https:\/\/www.stekiamusement.com\/es\/wp-json\/wp\/v2\/pages\/4204\/revisions"}],"wp:attachment":[{"href":"https:\/\/www.stekiamusement.com\/es\/wp-json\/wp\/v2\/media?parent=4204"}],"curies":[{"name":"wp","href":"https:\/\/api.w.org\/{rel}","templated":true}]}}